{"id":1678,"date":"2025-01-22T10:28:22","date_gmt":"2025-01-22T09:28:22","guid":{"rendered":"https:\/\/inmobiliariayconstruccion.likearocket.es\/producto\/vintage-typewriter\/"},"modified":"2025-01-22T10:50:53","modified_gmt":"2025-01-22T09:50:53","slug":"cemento-portland","status":"publish","type":"product","link":"https:\/\/inmobiliariayconstruccion.likearocket.es\/en\/product\/cemento-portland\/","title":{"rendered":"Portland Cement (25 kg bag)"},"content":{"rendered":"<p>High quality Portland cement ideal for construction and renovation projects. Perfect for reinforced concrete structures, masonry, and resistant finishes. Easy to mix, guarantees excellent adhesion and durability. Suitable for interior and exterior use.<\/p>","protected":false},"excerpt":{"rendered":"<p>High quality Portland cement ideal for construction and renovation projects. Perfect for reinforced concrete, masonry, and concrete structures.<\/p>","protected":false},"featured_media":1723,"comment_status":"open","ping_status":"closed","template":"","meta":{"_surecart_dashboard_logo_width":"180px","_surecart_dashboard_show_logo":true,"_surecart_dashboard_navigation_orders":true,"_surecart_dashboard_navigation_invoices":true,"_surecart_dashboard_navigation_subscriptions":true,"_surecart_dashboard_navigation_downloads":true,"_surecart_dashboard_navigation_billing":true,"_surecart_dashboard_navigation_account":true,"_uag_custom_page_level_css":"","site-sidebar-layout":"default","site-content-layout":"","ast-site-content-layout":"default","site-content-style":"default","site-sidebar-style":"default","ast-global-header-display":"","ast-banner-title-visibility":"","ast-main-header-display":"","ast-hfb-above-header-display":"","ast-hfb-below-header-display":"","ast-hfb-mobile-header-display":"","site-post-title":"","ast-breadcrumbs-content":"","ast-featured-img":"","footer-sml-layout":"","theme-transparent-header-meta":"default","adv-header-id-meta":"","stick-header-meta":"","header-above-stick-meta":"","header-main-stick-meta":"","header-below-stick-meta":"","astra-migrate-meta-layouts":"set","ast-page-background-enabled":"default","ast-page-background-meta":{"desktop":{"background-color":"var(--ast-global-color-4)","background-image":"","background-repeat":"repeat","background-position":"center center","background-size":"auto","background-attachment":"scroll","background-type":"","background-media":"","overlay-type":"","overlay-color":"","overlay-opacity":"","overlay-gradient":""},"tablet":{"background-color":"","background-image":"","background-repeat":"repeat","background-position":"center center","background-size":"auto","background-attachment":"scroll","background-type":"","background-media":"","overlay-type":"","overlay-color":"","overlay-opacity":"","overlay-gradient":""},"mobile":{"background-color":"","background-image":"","background-repeat":"repeat","background-position":"center center","background-size":"auto","background-attachment":"scroll","background-type":"","background-media":"","overlay-type":"","overlay-color":"","overlay-opacity":"","overlay-gradient":""}},"ast-content-background-meta":{"desktop":{"background-color":"var(--ast-global-color-5)","background-image":"","background-repeat":"repeat","background-position":"center center","background-size":"auto","background-attachment":"scroll","background-type":"","background-media":"","overlay-type":"","overlay-color":"","overlay-opacity":"","overlay-gradient":""},"tablet":{"background-color":"var(--ast-global-color-5)","background-image":"","background-repeat":"repeat","background-position":"center center","background-size":"auto","background-attachment":"scroll","background-type":"","background-media":"","overlay-type":"","overlay-color":"","overlay-opacity":"","overlay-gradient":""},"mobile":{"background-color":"var(--ast-global-color-5)","background-image":"","background-repeat":"repeat","background-position":"center center","background-size":"auto","background-attachment":"scroll","background-type":"","background-media":"","overlay-type":"","overlay-color":"","overlay-opacity":"","overlay-gradient":""}}},"product_brand":[],"product_cat":[21],"product_tag":[],"class_list":{"0":"post-1678","1":"product","2":"type-product","3":"status-publish","4":"has-post-thumbnail","6":"product_cat-sin-categorizar","7":"desktop-align-left","8":"tablet-align-left","9":"mobile-align-left","11":"first","12":"instock","13":"shipping-taxable","14":"purchasable","15":"product-type-simple"},"uagb_featured_image_src":{"full":["https:\/\/inmobiliariayconstruccion.likearocket.es\/wp-content\/uploads\/2025\/01\/CARTIGAS-2021-CEMENTO-PORTLAND-BOLSA_1-1.png",1000,1000,false],"thumbnail":["https:\/\/inmobiliariayconstruccion.likearocket.es\/wp-content\/uploads\/2025\/01\/CARTIGAS-2021-CEMENTO-PORTLAND-BOLSA_1-1-150x150.png",150,150,true],"medium":["https:\/\/inmobiliariayconstruccion.likearocket.es\/wp-content\/uploads\/2025\/01\/CARTIGAS-2021-CEMENTO-PORTLAND-BOLSA_1-1-300x300.png",300,300,true],"medium_large":["https:\/\/inmobiliariayconstruccion.likearocket.es\/wp-content\/uploads\/2025\/01\/CARTIGAS-2021-CEMENTO-PORTLAND-BOLSA_1-1-768x768.png",768,768,true],"large":["https:\/\/inmobiliariayconstruccion.likearocket.es\/wp-content\/uploads\/2025\/01\/CARTIGAS-2021-CEMENTO-PORTLAND-BOLSA_1-1.png",1000,1000,false],"1536x1536":["https:\/\/inmobiliariayconstruccion.likearocket.es\/wp-content\/uploads\/2025\/01\/CARTIGAS-2021-CEMENTO-PORTLAND-BOLSA_1-1.png",1000,1000,false],"2048x2048":["https:\/\/inmobiliariayconstruccion.likearocket.es\/wp-content\/uploads\/2025\/01\/CARTIGAS-2021-CEMENTO-PORTLAND-BOLSA_1-1.png",1000,1000,false],"trp-custom-language-flag":["https:\/\/inmobiliariayconstruccion.likearocket.es\/wp-content\/uploads\/2025\/01\/CARTIGAS-2021-CEMENTO-PORTLAND-BOLSA_1-1-12x12.png",12,12,true],"woocommerce_thumbnail":["https:\/\/inmobiliariayconstruccion.likearocket.es\/wp-content\/uploads\/2025\/01\/CARTIGAS-2021-CEMENTO-PORTLAND-BOLSA_1-1-300x300.png",300,300,true],"woocommerce_single":["https:\/\/inmobiliariayconstruccion.likearocket.es\/wp-content\/uploads\/2025\/01\/CARTIGAS-2021-CEMENTO-PORTLAND-BOLSA_1-1-600x600.png",600,600,true],"woocommerce_gallery_thumbnail":["https:\/\/inmobiliariayconstruccion.likearocket.es\/wp-content\/uploads\/2025\/01\/CARTIGAS-2021-CEMENTO-PORTLAND-BOLSA_1-1-100x100.png",100,100,true]},"uagb_author_info":{"display_name":"VALDEPLAN SL - NIF B22040976","author_link":"https:\/\/inmobiliariayconstruccion.likearocket.es\/en\/author\/"},"uagb_comment_info":1,"uagb_excerpt":"Cemento Portland de alta calidad ideal para proyectos de construcci\u00f3n y reformas. Perfecto para estructuras de hormig\u00f3n armado, mamposter\u00eda, y [&hellip;]","_links":{"self":[{"href":"https:\/\/inmobiliariayconstruccion.likearocket.es\/en\/wp-json\/wp\/v2\/product\/1678","targetHints":{"allow":["GET"]}}],"collection":[{"href":"https:\/\/inmobiliariayconstruccion.likearocket.es\/en\/wp-json\/wp\/v2\/product"}],"about":[{"href":"https:\/\/inmobiliariayconstruccion.likearocket.es\/en\/wp-json\/wp\/v2\/types\/product"}],"replies":[{"embeddable":true,"href":"https:\/\/inmobiliariayconstruccion.likearocket.es\/en\/wp-json\/wp\/v2\/comments?post=1678"}],"wp:featuredmedia":[{"embeddable":true,"href":"https:\/\/inmobiliariayconstruccion.likearocket.es\/en\/wp-json\/wp\/v2\/media\/1723"}],"wp:attachment":[{"href":"https:\/\/inmobiliariayconstruccion.likearocket.es\/en\/wp-json\/wp\/v2\/media?parent=1678"}],"wp:term":[{"taxonomy":"product_brand","embeddable":true,"href":"https:\/\/inmobiliariayconstruccion.likearocket.es\/en\/wp-json\/wp\/v2\/product_brand?post=1678"},{"taxonomy":"product_cat","embeddable":true,"href":"https:\/\/inmobiliariayconstruccion.likearocket.es\/en\/wp-json\/wp\/v2\/product_cat?post=1678"},{"taxonomy":"product_tag","embeddable":true,"href":"https:\/\/inmobiliariayconstruccion.likearocket.es\/en\/wp-json\/wp\/v2\/product_tag?post=1678"}],"curies":[{"name":"wp","href":"https:\/\/api.w.org\/{rel}","templated":true}]}}